{"id":11,"date":"2020-11-17T10:24:16","date_gmt":"2020-11-17T10:24:16","guid":{"rendered":"https:\/\/rohu370.eu\/?page_id=11"},"modified":"2023-09-25T12:17:09","modified_gmt":"2023-09-25T12:17:09","slug":"esemenyek","status":"publish","type":"page","link":"https:\/\/rohu370.eu\/ro\/esemenyek\/","title":{"rendered":"Evenimente"},"content":{"rendered":"<p>Mai multe informa\u021bii aici:<\/p>\n<p><a href=\"https:\/\/cameramestesugarilor.ro\/rohu370\/activitati-derulate\/\">https:\/\/cameramestesugarilor.ro\/rohu370\/activitati-derulate\/<\/a><\/p>\n<p><a href=\"https:\/\/www.proiectrohu.cciasm.ro\/\">https:\/\/www.proiectrohu.cciasm.ro\/<\/a><\/p>\n<p>&nbsp;<\/p>\n<p><strong>\u00c1ll\u00e1sb\u00f6rze<\/strong><\/p>\n<p>Loca\u021bie: Szatm\u00e1rn\u00e9meti<\/p>\n<p>Data: 1. a<span class=\"Y2IQFc\" lang=\"ro\">prilie\u00a0<\/span>2022.<\/p>\n<p><img loading=\"lazy\" class=\"alignnone size-medium wp-image-320\" src=\"https:\/\/rohu370.eu\/wp-content\/uploads\/2022\/04\/received-493811912230801-150x200.jpeg\" alt=\"\" width=\"150\" height=\"200\" srcset=\"https:\/\/rohu370.eu\/wp-content\/uploads\/2022\/04\/received-493811912230801-150x200.jpeg 150w, https:\/\/rohu370.eu\/wp-content\/uploads\/2022\/04\/received-493811912230801-766x1024.jpeg 766w, https:\/\/rohu370.eu\/wp-content\/uploads\/2022\/04\/received-493811912230801-768x1027.jpeg 768w, https:\/\/rohu370.eu\/wp-content\/uploads\/2022\/04\/received-493811912230801-1149x1536.jpeg 1149w, https:\/\/rohu370.eu\/wp-content\/uploads\/2022\/04\/received-493811912230801.jpeg 1532w\" sizes=\"(max-width: 150px) 100vw, 150px\" \/> <img loading=\"lazy\" class=\"alignnone size-medium wp-image-321\" src=\"https:\/\/rohu370.eu\/wp-content\/uploads\/2022\/04\/received-453609949897011-267x200.jpeg\" alt=\"\" width=\"267\" height=\"200\" srcset=\"https:\/\/rohu370.eu\/wp-content\/uploads\/2022\/04\/received-453609949897011-267x200.jpeg 267w, https:\/\/rohu370.eu\/wp-content\/uploads\/2022\/04\/received-453609949897011-1024x768.jpeg 1024w, https:\/\/rohu370.eu\/wp-content\/uploads\/2022\/04\/received-453609949897011-768x576.jpeg 768w, https:\/\/rohu370.eu\/wp-content\/uploads\/2022\/04\/received-453609949897011-1536x1152.jpeg 1536w, https:\/\/rohu370.eu\/wp-content\/uploads\/2022\/04\/received-453609949897011.jpeg 2048w\" sizes=\"(max-width: 267px) 100vw, 267px\" \/> <img loading=\"lazy\" class=\"alignnone size-medium wp-image-322\" src=\"https:\/\/rohu370.eu\/wp-content\/uploads\/2022\/04\/received-254204386924375-150x200.jpeg\" alt=\"\" width=\"150\" height=\"200\" srcset=\"https:\/\/rohu370.eu\/wp-content\/uploads\/2022\/04\/received-254204386924375-150x200.jpeg 150w, https:\/\/rohu370.eu\/wp-content\/uploads\/2022\/04\/received-254204386924375-766x1024.jpeg 766w, https:\/\/rohu370.eu\/wp-content\/uploads\/2022\/04\/received-254204386924375-768x1027.jpeg 768w, https:\/\/rohu370.eu\/wp-content\/uploads\/2022\/04\/received-254204386924375-1149x1536.jpeg 1149w, https:\/\/rohu370.eu\/wp-content\/uploads\/2022\/04\/received-254204386924375.jpeg 1532w\" sizes=\"(max-width: 150px) 100vw, 150px\" \/><\/p>\n<p>A Szatm\u00e1rn\u00e9meti Kereskedelmi, Ipari \u00e9s Mez\u0151gazdas\u00e1gi Kamara,<\/p>\n<p>egy\u00fcttm\u0171k\u00f6dve a Szatm\u00e1rn\u00e9meti Kisiparosok Kamar\u00e1ja Egyes\u00fclettel, a Szabolcs-<\/p>\n<p>Szatm\u00e1r-Bereg Megyei Kereskedelmi \u00e9s Iparkamar\u00e1val valamint a Szatm\u00e1r Megyei<\/p>\n<p>Munkaer\u0151-foglalkoztat\u00e1si \u00dcgyn\u00f6ks\u00e9g t\u00e1mogat\u00e1s\u00e1val, m\u00e1sodik \u00edzben szervezte meg<\/p>\n<p>azt a hat\u00e1ron \u00e1tny\u00fal\u00f3 <strong>\u00c1ll\u00e1sb\u00f6rz\u00e9t<\/strong>, mely a ROHU370 ENCOCH &#8211; a kamar\u00e1k \u00e9s m\u00e1s<\/p>\n<p>munkaer\u0151-piaci szerepl\u0151k k\u00f6z\u00f6tti egy\u00fcttm\u0171k\u00f6d\u00e9s el\u0151seg\u00edt\u00e9se, a hat\u00e1r menti r\u00e9gi\u00f3<\/p>\n<p>munkaer\u0151-foglalkoztatotts\u00e1g\u00e1nak t\u00e1mogat\u00e1sa Szatm\u00e1r \u00e9s Szabolcs Szatm\u00e1r-Bereg<\/p>\n<p>megy\u00e9ben &#8211; projekt keret\u00e9ben val\u00f3sul meg.<\/p>\n<p>Az \u00e1ll\u00e1sb\u00f6rze c\u00e9lja min\u00e9l operat\u00edvabban \u00e9s eredm\u00e9nyesebben \u00f6sszekapcsolni<\/p>\n<p>a munkaer\u0151-piaci keresletet a k\u00edn\u00e1lattal, hogy a munkaad\u00f3 min\u00e9l gyorsabban \u00e9s<\/p>\n<p>egyszer\u0171bben megtal\u00e1lja a megfelel\u0151 alkalmazottat, illetve a munkakeres\u0151 sikeresen<\/p>\n<p>megtal\u00e1lja a sz\u00e1m\u00e1ra ide\u00e1lis munkahelyet. Egy\u00fattal bemutat\u00e1sra ker\u00fcltek az<\/p>\n<p>\u00e1ll\u00e1skeres\u00e9si m\u00f3dszerek \u00e9s technik\u00e1k, a potenci\u00e1lis munkav\u00e1llal\u00f3k szem\u00e9lyis\u00e9g\u00e9nek<\/p>\n<p>\u00e9rt\u00e9kel\u00e9se, valamint az \u00e1ll\u00e1skereslet \u00e9s a k\u00edn\u00e1lat optim\u00e1lis \u00f6sszeegyeztethet\u0151s\u00e9g\u00e9nek<\/p>\n<p>meghat\u00e1roz\u00e1sa.<\/p>\n<p>&nbsp;<\/p>\n<p><strong>V\u00e1llalkoz\u00e1sfejleszt\u00e9si program &#8211; Nyit\u00f3tr\u00e9ning<\/strong><\/p>\n<p>&nbsp;<\/p>\n<p class=\"v1MsoNormal\"><b>Sajt\u00f3t\u00e1j\u00e9koztat\u00f3<\/b><\/p>\n<p><img loading=\"lazy\" class=\"size-medium wp-image-283 alignright\" src=\"https:\/\/rohu370.eu\/wp-content\/uploads\/2021\/06\/20210627-183712m-300x193.jpg\" alt=\"\" width=\"300\" height=\"193\" srcset=\"https:\/\/rohu370.eu\/wp-content\/uploads\/2021\/06\/20210627-183712m-300x193.jpg 300w, https:\/\/rohu370.eu\/wp-content\/uploads\/2021\/06\/20210627-183712m-1024x660.jpg 1024w, https:\/\/rohu370.eu\/wp-content\/uploads\/2021\/06\/20210627-183712m-768x495.jpg 768w, https:\/\/rohu370.eu\/wp-content\/uploads\/2021\/06\/20210627-183712m-1536x991.jpg 1536w, https:\/\/rohu370.eu\/wp-content\/uploads\/2021\/06\/20210627-183712m.jpg 1732w\" sizes=\"(max-width: 300px) 100vw, 300px\" \/><\/p>\n<p class=\"v1MsoNormal\">Loca\u021bie: Ny\u00edregyh\u00e1za<\/p>\n<p class=\"v1MsoNormal\">Data: 24.\u00a0<span class=\"Y2IQFc\" lang=\"ro\">iunie\u00a0<\/span>2021.<\/p>\n<p class=\"v1MsoNormal\">A projekt egy \u00fajabb m\u00e9rf\u00f6ldk\u0151h\u00f6z \u00e9rkezett. 2021. j\u00fanius 24-\u00e9n egy sajt\u00f3t\u00e1j\u00e9koztat\u00f3 keret\u00e9ben ker\u00fcltek bemutat\u00e1sra az elk\u00e9sz\u00fclt szakmai dokumentumok r\u00f6vid prom\u00f3ci\u00f3s kiadv\u00e1nyai<\/p>\n<p class=\"v1MsoListParagraph\">&#8211;\u00a0\u00a0\u00a0\u00a0\u00a0\u00a0\u00a0\u00a0Befektet\u00e9s-\u00f6szt\u00f6nz\u00e9si strat\u00e9gia<\/p>\n<p class=\"v1MsoListParagraph\">&#8211;\u00a0\u00a0\u00a0\u00a0\u00a0\u00a0\u00a0\u00a0Helyi term\u00e9k- \u00e9s szolg\u00e1ltat\u00e1s fejleszt\u00e9si strat\u00e9gia<\/p>\n<p class=\"v1MsoListParagraph\">&#8211;\u00a0\u00a0\u00a0\u00a0\u00a0\u00a0\u00a0\u00a0Munkaer\u0151piaci j\u00f3 gyakorlatok k\u00e9zik\u00f6nyv<\/p>\n<p>&nbsp;<\/p>\n<p class=\"v1MsoNormal\"><b>Sajt\u00f3t\u00e1j\u00e9koztat\u00f3<\/b><\/p>\n<p><img loading=\"lazy\" class=\"size-medium wp-image-282 alignleft\" src=\"https:\/\/rohu370.eu\/wp-content\/uploads\/2021\/06\/p1400474-szerkesztett-267x200.jpg\" alt=\"\" width=\"267\" height=\"200\" srcset=\"https:\/\/rohu370.eu\/wp-content\/uploads\/2021\/06\/p1400474-szerkesztett-267x200.jpg 267w, https:\/\/rohu370.eu\/wp-content\/uploads\/2021\/06\/p1400474-szerkesztett-1024x768.jpg 1024w, https:\/\/rohu370.eu\/wp-content\/uploads\/2021\/06\/p1400474-szerkesztett-768x576.jpg 768w, https:\/\/rohu370.eu\/wp-content\/uploads\/2021\/06\/p1400474-szerkesztett-1536x1152.jpg 1536w, https:\/\/rohu370.eu\/wp-content\/uploads\/2021\/06\/p1400474-szerkesztett-2048x1536.jpg 2048w\" sizes=\"(max-width: 267px) 100vw, 267px\" \/><\/p>\n<p class=\"v1MsoNormal\">Loca\u021bie: Szatm\u00e1rn\u00e9meti<\/p>\n<p class=\"v1MsoNormal\">Data: 27. mai 2021.<\/p>\n<p class=\"v1MsoNormal\">2021. m\u00e1jus 27-\u00e9n a projekt keret\u00e9ben sajt\u00f3t\u00e1j\u00e9koztat\u00f3 megszervez\u00e9s\u00e9re ker\u00fclt sor a Kisiparosok Kamar\u00e1ja Egyes\u00fclet szatm\u00e1rn\u00e9meti sz\u00e9khely\u00e9n. A rendezv\u00e9nyen a helyi sajt\u00f3 k\u00e9pvisel\u0151i megismerhett\u00e9k a projekt f\u0151bb tev\u00e9kenys\u00e9geit \u00e9s az eddig megval\u00f3sult eredm\u00e9nyeit.<\/p>\n<p>&nbsp;<\/p>\n<p><strong><em>Conferin\u021b\u0103 de deschidere<\/em><\/strong><\/p>\n<p><img loading=\"lazy\" class=\"alignnone size-medium wp-image-194\" src=\"https:\/\/rohu370.eu\/wp-content\/uploads\/2021\/01\/dsc-0707m-300x191.jpg\" alt=\"\" width=\"300\" height=\"191\" srcset=\"https:\/\/rohu370.eu\/wp-content\/uploads\/2021\/01\/dsc-0707m-300x191.jpg 300w, https:\/\/rohu370.eu\/wp-content\/uploads\/2021\/01\/dsc-0707m-1024x654.jpg 1024w, https:\/\/rohu370.eu\/wp-content\/uploads\/2021\/01\/dsc-0707m-768x490.jpg 768w, https:\/\/rohu370.eu\/wp-content\/uploads\/2021\/01\/dsc-0707m-1536x980.jpg 1536w, https:\/\/rohu370.eu\/wp-content\/uploads\/2021\/01\/dsc-0707m-2048x1307.jpg 2048w\" sizes=\"(max-width: 300px) 100vw, 300px\" \/><\/p>\n<p>Loca\u021bie: Ny\u00edregyh\u00e1za &#8211; Satu Mare<\/p>\n<p>Data: 23 septembrie 2020<\/p>\n<p>2020. szeptember 23-\u00e1n ker\u00fclt sor a projekt nyit\u00f3konferenci\u00e1j\u00e1ra, amelyen az \u00e9rdekl\u0151d\u0151k mellett a helyi sajt\u00f3 k\u00e9pvisel\u0151i is r\u00e9szt vettek. A j\u00e1rv\u00e1ny\u00fcgyi helyzetre val\u00f3 tekintettel a rendezv\u00e9nyhez a rom\u00e1n partnerek \u00e9s a rom\u00e1n \u00e9rdekl\u0151d\u0151 v\u00e1llalkoz\u00e1sok online form\u00e1ban csatlakoztak.<\/p>\n","protected":false},"excerpt":{"rendered":"<p>Mai multe informa\u021bii aici: https:\/\/cameramestesugarilor.ro\/rohu370\/activitati-derulate\/ https:\/\/www.proiectrohu.cciasm.ro\/ &nbsp; \u00c1ll\u00e1sb\u00f6rze Loca\u021bie: Szatm\u00e1rn\u00e9meti Data: 1. aprilie\u00a02022. A Szatm\u00e1rn\u00e9meti Kereskedelmi, Ipari \u00e9s Mez\u0151gazdas\u00e1gi Kamara, egy\u00fcttm\u0171k\u00f6dve a Szatm\u00e1rn\u00e9meti Kisiparosok Kamar\u00e1ja Egyes\u00fclettel, a Szabolcs- Szatm\u00e1r-Bereg Megyei Kereskedelmi \u00e9s Iparkamar\u00e1val valamint a Szatm\u00e1r Megyei Munkaer\u0151-foglalkoztat\u00e1si \u00dcgyn\u00f6ks\u00e9g t\u00e1mogat\u00e1s\u00e1val, m\u00e1sodik \u00edzben szervezte meg azt a hat\u00e1ron \u00e1tny\u00fal\u00f3 \u00c1ll\u00e1sb\u00f6rz\u00e9t, mely a ROHU370 ENCOCH &#8211; a [&hellip;]<\/p>\n","protected":false},"author":1,"featured_media":319,"parent":0,"menu_order":0,"comment_status":"closed","ping_status":"closed","template":"template-events.php","meta":[],"_links":{"self":[{"href":"https:\/\/rohu370.eu\/ro\/wp-json\/wp\/v2\/pages\/11"}],"collection":[{"href":"https:\/\/rohu370.eu\/ro\/wp-json\/wp\/v2\/pages"}],"about":[{"href":"https:\/\/rohu370.eu\/ro\/wp-json\/wp\/v2\/types\/page"}],"author":[{"embeddable":true,"href":"https:\/\/rohu370.eu\/ro\/wp-json\/wp\/v2\/users\/1"}],"replies":[{"embeddable":true,"href":"https:\/\/rohu370.eu\/ro\/wp-json\/wp\/v2\/comments?post=11"}],"version-history":[{"count":10,"href":"https:\/\/rohu370.eu\/ro\/wp-json\/wp\/v2\/pages\/11\/revisions"}],"predecessor-version":[{"id":195,"href":"https:\/\/rohu370.eu\/ro\/wp-json\/wp\/v2\/pages\/11\/revisions\/195"}],"wp:featuredmedia":[{"embeddable":true,"href":"https:\/\/rohu370.eu\/ro\/wp-json\/wp\/v2\/media\/319"}],"wp:attachment":[{"href":"https:\/\/rohu370.eu\/ro\/wp-json\/wp\/v2\/media?parent=11"}],"curies":[{"name":"wp","href":"https:\/\/api.w.org\/{rel}","templated":true}]}}