{"id":14,"date":"2020-11-17T10:24:42","date_gmt":"2020-11-17T10:24:42","guid":{"rendered":"https:\/\/rohu370.eu\/?page_id=14"},"modified":"2023-09-29T09:21:51","modified_gmt":"2023-09-29T09:21:51","slug":"dokumentumok","status":"publish","type":"page","link":"https:\/\/rohu370.eu\/ro\/dokumentumok\/","title":{"rendered":"Documente"},"content":{"rendered":"<p><a href=\"https:\/\/rohu370.eu\/wp-content\/uploads\/2021\/05\/encoch-joint-integrated-development-strategy-en.pdf\">ENCOCH &#8211; Joint Integrated Development Strategy &#8211; EN<\/a><\/p>\n<p><a href=\"https:\/\/rohu370.eu\/wp-content\/uploads\/2021\/05\/encoch-actionplan-sz-sz-b-en.pdf\">ENCOCH &#8211; ActionPlan Sz-Sz-B &#8211; EN<\/a><\/p>\n<p><a href=\"https:\/\/rohu370.eu\/wp-content\/uploads\/2021\/05\/encoch-actionplan-satu-mare-en.pdf\">ENCOCH &#8211; ActionPlan Satu Mare &#8211; EN<\/a><\/p>\n<p><a href=\"https:\/\/rohu370.eu\/wp-content\/uploads\/2021\/05\/encoch-munkaeropiaci-jo-gyakorlatok-kezikonyv.pdf\">ENCOCH &#8211; Munkaer\u0151piaci j\u00f3 gyakorlatok k\u00e9zik\u00f6nyv<\/a><\/p>\n<p><a href=\"https:\/\/rohu370.eu\/wp-content\/uploads\/2021\/05\/encoch-befektetesosztonzesi-strategia.pdf\">ENCOCH &#8211; Befektet\u00e9s\u00f6szt\u00f6nz\u00e9si strat\u00e9gia<\/a><\/p>\n<p><a href=\"https:\/\/rohu370.eu\/wp-content\/uploads\/2021\/05\/encoch-helyi-termek-es-szolgaltatasfejlesztesi-strategia-compressed-1.pdf\">ENCOCH &#8211; Helyi term\u00e9k- \u00e9s szolg\u00e1ltat\u00e1sfejleszt\u00e9si strat\u00e9gia-compressed (1)<\/a><\/p>\n<p><a href=\"https:\/\/rohu370.eu\/wp-content\/uploads\/2023\/09\/encoch-manual-promovare-investitii-ro.pdf\">ENCOCH_manual_promovare_investitii_RO<\/a><\/p>\n","protected":false},"excerpt":{"rendered":"<p>ENCOCH &#8211; Joint Integrated Development Strategy &#8211; EN ENCOCH &#8211; ActionPlan Sz-Sz-B &#8211; EN ENCOCH &#8211; ActionPlan Satu Mare &#8211; EN ENCOCH &#8211; Munkaer\u0151piaci j\u00f3 gyakorlatok k\u00e9zik\u00f6nyv ENCOCH &#8211; Befektet\u00e9s\u00f6szt\u00f6nz\u00e9si strat\u00e9gia ENCOCH &#8211; Helyi term\u00e9k- \u00e9s szolg\u00e1ltat\u00e1sfejleszt\u00e9si strat\u00e9gia-compressed (1) ENCOCH_manual_promovare_investitii_RO<\/p>\n","protected":false},"author":1,"featured_media":0,"parent":0,"menu_order":0,"comment_status":"closed","ping_status":"closed","template":"","meta":[],"_links":{"self":[{"href":"https:\/\/rohu370.eu\/ro\/wp-json\/wp\/v2\/pages\/14"}],"collection":[{"href":"https:\/\/rohu370.eu\/ro\/wp-json\/wp\/v2\/pages"}],"about":[{"href":"https:\/\/rohu370.eu\/ro\/wp-json\/wp\/v2\/types\/page"}],"author":[{"embeddable":true,"href":"https:\/\/rohu370.eu\/ro\/wp-json\/wp\/v2\/users\/1"}],"replies":[{"embeddable":true,"href":"https:\/\/rohu370.eu\/ro\/wp-json\/wp\/v2\/comments?post=14"}],"version-history":[{"count":10,"href":"https:\/\/rohu370.eu\/ro\/wp-json\/wp\/v2\/pages\/14\/revisions"}],"predecessor-version":[{"id":427,"href":"https:\/\/rohu370.eu\/ro\/wp-json\/wp\/v2\/pages\/14\/revisions\/427"}],"wp:attachment":[{"href":"https:\/\/rohu370.eu\/ro\/wp-json\/wp\/v2\/media?parent=14"}],"curies":[{"name":"wp","href":"https:\/\/api.w.org\/{rel}","templated":true}]}}