{"id":18,"date":"2020-11-17T10:25:25","date_gmt":"2020-11-17T10:25:25","guid":{"rendered":"https:\/\/rohu370.eu\/?page_id=18"},"modified":"2021-05-12T10:06:33","modified_gmt":"2021-05-12T10:06:33","slug":"rohu-adatbazis","status":"publish","type":"page","link":"https:\/\/rohu370.eu\/ro\/rohu-adatbazis\/","title":{"rendered":"Baza de date ROHU"},"content":{"rendered":"<p><strong>Baza de date a pie\u021bei muncii ROHU<\/strong><\/p>\n<p>Crearea unei baze de date \u0219i a unui site web online va servi la consolidarea condi\u021biilor digitale pentru c\u0103utarea de locuri de munc\u0103 transfrontaliere, sprijinind indirect consolidarea mobilit\u0103\u021bii transfrontaliere a pie\u021bei muncii.<\/p>\n<p>&nbsp;<\/p>\n<ul>\n<li>baza de date online dezvoltat\u0103 va concentra nevoile pie\u021bei for\u021bei de munc\u0103 ale cel putin 200 companii care opereaz\u0103 \u00een regiune;<\/li>\n<li>prin intermediul interfe\u021bei de c\u0103utare a site-ului web creat, solicitan\u021bii de locuri de munc\u0103 regionali vor putea g\u0103si un loc de munc\u0103 care s\u0103 corespund\u0103 calific\u0103rilor lor;<\/li>\n<li>alte informa\u021bii utile pe pia\u021ba for\u021bei de munc\u0103 pentru angaja\u021bi vor fi, de asemenea, u\u0219or accesibile pe site-ul web, ajut\u00e2nd astfel mobilitatea for\u021bei de munc\u0103 trasnfrontaliere si regionale.<\/li>\n<\/ul>\n<p>&nbsp;<\/p>\n<p>Baza de date online a pie\u021bei for\u021bei de munc\u0103 este disponibil\u0103 la urm\u0103torul link:<\/p>\n<p><a href=\"http:\/\/www.rohu370jobs.eu\">http:\/\/www.rohu370jobs.eu<\/a><\/p>\n","protected":false},"excerpt":{"rendered":"<p>Baza de date a pie\u021bei muncii ROHU Crearea unei baze de date \u0219i a unui site web online va servi la consolidarea condi\u021biilor digitale pentru c\u0103utarea de locuri de munc\u0103 transfrontaliere, sprijinind indirect consolidarea mobilit\u0103\u021bii transfrontaliere a pie\u021bei muncii. &nbsp; baza de date online dezvoltat\u0103 va concentra nevoile pie\u021bei for\u021bei de munc\u0103 ale cel putin [&hellip;]<\/p>\n","protected":false},"author":1,"featured_media":0,"parent":0,"menu_order":0,"comment_status":"closed","ping_status":"closed","template":"","meta":[],"_links":{"self":[{"href":"https:\/\/rohu370.eu\/ro\/wp-json\/wp\/v2\/pages\/18"}],"collection":[{"href":"https:\/\/rohu370.eu\/ro\/wp-json\/wp\/v2\/pages"}],"about":[{"href":"https:\/\/rohu370.eu\/ro\/wp-json\/wp\/v2\/types\/page"}],"author":[{"embeddable":true,"href":"https:\/\/rohu370.eu\/ro\/wp-json\/wp\/v2\/users\/1"}],"replies":[{"embeddable":true,"href":"https:\/\/rohu370.eu\/ro\/wp-json\/wp\/v2\/comments?post=18"}],"version-history":[{"count":10,"href":"https:\/\/rohu370.eu\/ro\/wp-json\/wp\/v2\/pages\/18\/revisions"}],"predecessor-version":[{"id":202,"href":"https:\/\/rohu370.eu\/ro\/wp-json\/wp\/v2\/pages\/18\/revisions\/202"}],"wp:attachment":[{"href":"https:\/\/rohu370.eu\/ro\/wp-json\/wp\/v2\/media?parent=18"}],"curies":[{"name":"wp","href":"https:\/\/api.w.org\/{rel}","templated":true}]}}