{"id":20,"date":"2020-11-17T10:25:33","date_gmt":"2020-11-17T10:25:33","guid":{"rendered":"https:\/\/rohu370.eu\/?page_id=20"},"modified":"2024-08-08T12:22:36","modified_gmt":"2024-08-08T12:22:36","slug":"galeria","status":"publish","type":"page","link":"https:\/\/rohu370.eu\/ro\/galeria\/","title":{"rendered":"Galerie"},"content":{"rendered":"<p>2022. december 20. \u2013 Szatm\u00e1rn\u00e9meti \u2013Projektz\u00e1r\u00f3 rendezv\u00e9ny<\/p>\n<p><img loading=\"lazy\" class=\"size-medium wp-image-397 alignleft\" src=\"https:\/\/rohu370.eu\/wp-content\/uploads\/2022\/12\/20221220-113559-200x200.jpg\" alt=\"\" width=\"200\" height=\"200\" srcset=\"https:\/\/rohu370.eu\/wp-content\/uploads\/2022\/12\/20221220-113559-200x200.jpg 200w, https:\/\/rohu370.eu\/wp-content\/uploads\/2022\/12\/20221220-113559-1024x1024.jpg 1024w, https:\/\/rohu370.eu\/wp-content\/uploads\/2022\/12\/20221220-113559-150x150.jpg 150w, https:\/\/rohu370.eu\/wp-content\/uploads\/2022\/12\/20221220-113559-768x768.jpg 768w, https:\/\/rohu370.eu\/wp-content\/uploads\/2022\/12\/20221220-113559-1536x1536.jpg 1536w, https:\/\/rohu370.eu\/wp-content\/uploads\/2022\/12\/20221220-113559-2048x2048.jpg 2048w\" sizes=\"(max-width: 200px) 100vw, 200px\" \/><img loading=\"lazy\" class=\"size-medium wp-image-398 alignleft\" src=\"https:\/\/rohu370.eu\/wp-content\/uploads\/2022\/12\/20221220-113613-200x200.jpg\" alt=\"\" width=\"200\" height=\"200\" srcset=\"https:\/\/rohu370.eu\/wp-content\/uploads\/2022\/12\/20221220-113613-200x200.jpg 200w, https:\/\/rohu370.eu\/wp-content\/uploads\/2022\/12\/20221220-113613-1024x1024.jpg 1024w, https:\/\/rohu370.eu\/wp-content\/uploads\/2022\/12\/20221220-113613-150x150.jpg 150w, https:\/\/rohu370.eu\/wp-content\/uploads\/2022\/12\/20221220-113613-768x768.jpg 768w, https:\/\/rohu370.eu\/wp-content\/uploads\/2022\/12\/20221220-113613-1536x1536.jpg 1536w, https:\/\/rohu370.eu\/wp-content\/uploads\/2022\/12\/20221220-113613-2048x2048.jpg 2048w\" sizes=\"(max-width: 200px) 100vw, 200px\" \/><\/p>\n<p>&nbsp;<\/p>\n<p>&nbsp;<\/p>\n<p>&nbsp;<\/p>\n<p>&nbsp;<\/p>\n<p>&nbsp;<\/p>\n<p>&nbsp;<\/p>\n<p>2022. december 15. \u2013 Szatm\u00e1rn\u00e9meti \u2013 Munkaer\u0151-piaci f\u00f3rum<\/p>\n<p><img loading=\"lazy\" class=\"size-medium wp-image-400 alignleft\" src=\"https:\/\/rohu370.eu\/wp-content\/uploads\/2022\/12\/320224607-1171761550096963-2018547714354217012-n-300x200.jpg\" alt=\"\" width=\"300\" height=\"200\" srcset=\"https:\/\/rohu370.eu\/wp-content\/uploads\/2022\/12\/320224607-1171761550096963-2018547714354217012-n-300x200.jpg 300w, https:\/\/rohu370.eu\/wp-content\/uploads\/2022\/12\/320224607-1171761550096963-2018547714354217012-n-1024x684.jpg 1024w, https:\/\/rohu370.eu\/wp-content\/uploads\/2022\/12\/320224607-1171761550096963-2018547714354217012-n-768x513.jpg 768w, https:\/\/rohu370.eu\/wp-content\/uploads\/2022\/12\/320224607-1171761550096963-2018547714354217012-n.jpg 1438w\" sizes=\"(max-width: 300px) 100vw, 300px\" \/> <img loading=\"lazy\" class=\"size-medium wp-image-401 alignleft\" src=\"https:\/\/rohu370.eu\/wp-content\/uploads\/2022\/12\/320263656-1299775750799776-6777718675511041444-n-300x200.jpg\" alt=\"\" width=\"300\" height=\"200\" srcset=\"https:\/\/rohu370.eu\/wp-content\/uploads\/2022\/12\/320263656-1299775750799776-6777718675511041444-n-300x200.jpg 300w, https:\/\/rohu370.eu\/wp-content\/uploads\/2022\/12\/320263656-1299775750799776-6777718675511041444-n-1024x684.jpg 1024w, https:\/\/rohu370.eu\/wp-content\/uploads\/2022\/12\/320263656-1299775750799776-6777718675511041444-n-768x513.jpg 768w, https:\/\/rohu370.eu\/wp-content\/uploads\/2022\/12\/320263656-1299775750799776-6777718675511041444-n.jpg 1438w\" sizes=\"(max-width: 300px) 100vw, 300px\" \/> <img loading=\"lazy\" class=\"size-medium wp-image-395 alignleft\" src=\"https:\/\/rohu370.eu\/wp-content\/uploads\/2022\/12\/320251072-1130967501124092-1510148059830926084-n-300x200.jpg\" alt=\"\" width=\"300\" height=\"200\" srcset=\"https:\/\/rohu370.eu\/wp-content\/uploads\/2022\/12\/320251072-1130967501124092-1510148059830926084-n-300x200.jpg 300w, https:\/\/rohu370.eu\/wp-content\/uploads\/2022\/12\/320251072-1130967501124092-1510148059830926084-n-1024x684.jpg 1024w, https:\/\/rohu370.eu\/wp-content\/uploads\/2022\/12\/320251072-1130967501124092-1510148059830926084-n-768x513.jpg 768w, https:\/\/rohu370.eu\/wp-content\/uploads\/2022\/12\/320251072-1130967501124092-1510148059830926084-n.jpg 1438w\" sizes=\"(max-width: 300px) 100vw, 300px\" \/> <img loading=\"lazy\" class=\"size-medium wp-image-394 alignleft\" src=\"https:\/\/rohu370.eu\/wp-content\/uploads\/2022\/12\/20221215-115306-200x200.jpg\" alt=\"\" width=\"200\" height=\"200\" srcset=\"https:\/\/rohu370.eu\/wp-content\/uploads\/2022\/12\/20221215-115306-200x200.jpg 200w, https:\/\/rohu370.eu\/wp-content\/uploads\/2022\/12\/20221215-115306-1024x1024.jpg 1024w, https:\/\/rohu370.eu\/wp-content\/uploads\/2022\/12\/20221215-115306-150x150.jpg 150w, https:\/\/rohu370.eu\/wp-content\/uploads\/2022\/12\/20221215-115306-768x768.jpg 768w, https:\/\/rohu370.eu\/wp-content\/uploads\/2022\/12\/20221215-115306-1536x1536.jpg 1536w, https:\/\/rohu370.eu\/wp-content\/uploads\/2022\/12\/20221215-115306-2048x2048.jpg 2048w\" sizes=\"(max-width: 200px) 100vw, 200px\" \/><\/p>\n<p>&nbsp;<\/p>\n<p>&nbsp;<\/p>\n<p>&nbsp;<\/p>\n<p>&nbsp;<\/p>\n<p>&nbsp;<\/p>\n<p>&nbsp;<\/p>\n<p>&nbsp;<\/p>\n<p>&nbsp;<\/p>\n<p>&nbsp;<\/p>\n<p>&nbsp;<\/p>\n<p>&nbsp;<\/p>\n<p>&nbsp;<\/p>\n<p>2022. december 14. \u2013 Szatm\u00e1rn\u00e9meti \u2013 Gy\u00e1rl\u00e1togat\u00e1s<\/p>\n<p><img loading=\"lazy\" class=\"size-medium wp-image-399 alignleft\" src=\"https:\/\/rohu370.eu\/wp-content\/uploads\/2022\/12\/320166572-678927083676403-7628660171233510513-n-300x200.jpg\" alt=\"\" width=\"300\" height=\"200\" srcset=\"https:\/\/rohu370.eu\/wp-content\/uploads\/2022\/12\/320166572-678927083676403-7628660171233510513-n-300x200.jpg 300w, https:\/\/rohu370.eu\/wp-content\/uploads\/2022\/12\/320166572-678927083676403-7628660171233510513-n-1024x683.jpg 1024w, https:\/\/rohu370.eu\/wp-content\/uploads\/2022\/12\/320166572-678927083676403-7628660171233510513-n-768x512.jpg 768w, https:\/\/rohu370.eu\/wp-content\/uploads\/2022\/12\/320166572-678927083676403-7628660171233510513-n-1536x1024.jpg 1536w, https:\/\/rohu370.eu\/wp-content\/uploads\/2022\/12\/320166572-678927083676403-7628660171233510513-n.jpg 2048w\" sizes=\"(max-width: 300px) 100vw, 300px\" \/> <img loading=\"lazy\" class=\"size-medium wp-image-391 alignleft\" src=\"https:\/\/rohu370.eu\/wp-content\/uploads\/2022\/12\/319906917-1669926163425831-3543215695875888237-n-300x200.jpg\" alt=\"\" width=\"300\" height=\"200\" srcset=\"https:\/\/rohu370.eu\/wp-content\/uploads\/2022\/12\/319906917-1669926163425831-3543215695875888237-n-300x200.jpg 300w, https:\/\/rohu370.eu\/wp-content\/uploads\/2022\/12\/319906917-1669926163425831-3543215695875888237-n-1024x683.jpg 1024w, https:\/\/rohu370.eu\/wp-content\/uploads\/2022\/12\/319906917-1669926163425831-3543215695875888237-n-768x512.jpg 768w, https:\/\/rohu370.eu\/wp-content\/uploads\/2022\/12\/319906917-1669926163425831-3543215695875888237-n-1536x1024.jpg 1536w, https:\/\/rohu370.eu\/wp-content\/uploads\/2022\/12\/319906917-1669926163425831-3543215695875888237-n.jpg 2048w\" sizes=\"(max-width: 300px) 100vw, 300px\" \/> <img loading=\"lazy\" class=\"size-medium wp-image-392 alignleft\" src=\"https:\/\/rohu370.eu\/wp-content\/uploads\/2022\/12\/319019364-682589106791308-1578210183045386179-n-300x200.jpg\" alt=\"\" width=\"300\" height=\"200\" srcset=\"https:\/\/rohu370.eu\/wp-content\/uploads\/2022\/12\/319019364-682589106791308-1578210183045386179-n-300x200.jpg 300w, https:\/\/rohu370.eu\/wp-content\/uploads\/2022\/12\/319019364-682589106791308-1578210183045386179-n-1024x683.jpg 1024w, https:\/\/rohu370.eu\/wp-content\/uploads\/2022\/12\/319019364-682589106791308-1578210183045386179-n-768x512.jpg 768w, https:\/\/rohu370.eu\/wp-content\/uploads\/2022\/12\/319019364-682589106791308-1578210183045386179-n-1536x1024.jpg 1536w, https:\/\/rohu370.eu\/wp-content\/uploads\/2022\/12\/319019364-682589106791308-1578210183045386179-n.jpg 2048w\" sizes=\"(max-width: 300px) 100vw, 300px\" \/><\/p>\n<p>&nbsp;<\/p>\n<p>F\u00f3kuszcsoportos interj\u00fa 2022. december 6.<\/p>\n<p><img loading=\"lazy\" class=\"size-medium wp-image-384 alignleft\" src=\"https:\/\/rohu370.eu\/wp-content\/uploads\/2022\/12\/dsc-0002-72-300x200.jpg\" alt=\"\" width=\"300\" height=\"200\" srcset=\"https:\/\/rohu370.eu\/wp-content\/uploads\/2022\/12\/dsc-0002-72-300x200.jpg 300w, https:\/\/rohu370.eu\/wp-content\/uploads\/2022\/12\/dsc-0002-72.jpg 425w\" sizes=\"(max-width: 300px) 100vw, 300px\" \/> <img loading=\"lazy\" class=\"size-medium wp-image-383 alignleft\" src=\"https:\/\/rohu370.eu\/wp-content\/uploads\/2022\/12\/dsc-0003-72-300x200.jpg\" alt=\"\" width=\"300\" height=\"200\" srcset=\"https:\/\/rohu370.eu\/wp-content\/uploads\/2022\/12\/dsc-0003-72-300x200.jpg 300w, https:\/\/rohu370.eu\/wp-content\/uploads\/2022\/12\/dsc-0003-72.jpg 425w\" sizes=\"(max-width: 300px) 100vw, 300px\" \/><\/p>\n<p>&nbsp;<\/p>\n<p>&nbsp;<\/p>\n<p>&nbsp;<\/p>\n<p>&nbsp;<\/p>\n<p>&nbsp;<\/p>\n<p>&nbsp;<\/p>\n<p>&nbsp;<\/p>\n<p>&nbsp;<\/p>\n<p>&nbsp;<\/p>\n<p>&nbsp;<\/p>\n<p>&nbsp;<\/p>\n<p>&nbsp;<\/p>\n<p>&nbsp;<\/p>\n<p>\u00c1ll\u00e1sb\u00f6rze Kisv\u00e1rd\u00e1n 2022. december 1.<\/p>\n<p><img loading=\"lazy\" class=\"size-medium wp-image-385 alignleft\" src=\"https:\/\/rohu370.eu\/wp-content\/uploads\/2022\/12\/allasborze-kisvarda1-283x200.jpg\" alt=\"\" width=\"283\" height=\"200\" srcset=\"https:\/\/rohu370.eu\/wp-content\/uploads\/2022\/12\/allasborze-kisvarda1-283x200.jpg 283w, https:\/\/rohu370.eu\/wp-content\/uploads\/2022\/12\/allasborze-kisvarda1-768x543.jpg 768w, https:\/\/rohu370.eu\/wp-content\/uploads\/2022\/12\/allasborze-kisvarda1.jpg 800w\" sizes=\"(max-width: 283px) 100vw, 283px\" \/> <img loading=\"lazy\" class=\"alignleft size-medium wp-image-386\" src=\"https:\/\/rohu370.eu\/wp-content\/uploads\/2022\/12\/allasborze-kisvarda2-283x200.jpg\" alt=\"\" width=\"283\" height=\"200\" srcset=\"https:\/\/rohu370.eu\/wp-content\/uploads\/2022\/12\/allasborze-kisvarda2-283x200.jpg 283w, https:\/\/rohu370.eu\/wp-content\/uploads\/2022\/12\/allasborze-kisvarda2-768x543.jpg 768w, https:\/\/rohu370.eu\/wp-content\/uploads\/2022\/12\/allasborze-kisvarda2.jpg 800w\" sizes=\"(max-width: 283px) 100vw, 283px\" \/> <img loading=\"lazy\" class=\"alignleft size-medium wp-image-387\" src=\"https:\/\/rohu370.eu\/wp-content\/uploads\/2022\/12\/allasborze-kisvarda3-283x200.jpg\" alt=\"\" width=\"283\" height=\"200\" srcset=\"https:\/\/rohu370.eu\/wp-content\/uploads\/2022\/12\/allasborze-kisvarda3-283x200.jpg 283w, https:\/\/rohu370.eu\/wp-content\/uploads\/2022\/12\/allasborze-kisvarda3-768x543.jpg 768w, https:\/\/rohu370.eu\/wp-content\/uploads\/2022\/12\/allasborze-kisvarda3.jpg 800w\" sizes=\"(max-width: 283px) 100vw, 283px\" \/> <img loading=\"lazy\" class=\"alignleft size-medium wp-image-388\" src=\"https:\/\/rohu370.eu\/wp-content\/uploads\/2022\/12\/allasborze-kisvarda4-283x200.jpg\" alt=\"\" width=\"283\" height=\"200\" srcset=\"https:\/\/rohu370.eu\/wp-content\/uploads\/2022\/12\/allasborze-kisvarda4-283x200.jpg 283w, https:\/\/rohu370.eu\/wp-content\/uploads\/2022\/12\/allasborze-kisvarda4-768x543.jpg 768w, https:\/\/rohu370.eu\/wp-content\/uploads\/2022\/12\/allasborze-kisvarda4.jpg 800w\" sizes=\"(max-width: 283px) 100vw, 283px\" \/><\/p>\n<p>&nbsp;<\/p>\n<p>&nbsp;<\/p>\n<p>&nbsp;<\/p>\n<p>&nbsp;<\/p>\n<p>&nbsp;<\/p>\n<p>&nbsp;<\/p>\n<p>&nbsp;<\/p>\n<p>&nbsp;<\/p>\n<p>&nbsp;<\/p>\n<p>&nbsp;<\/p>\n<p>&nbsp;<\/p>\n<p>&nbsp;<\/p>\n<p>\u00c1ll\u00e1sb\u00f6rze M\u00e1t\u00e9szalk\u00e1n 2022. okt\u00f3ber 28.<\/p>\n<p><img loading=\"lazy\" class=\"alignnone size-medium wp-image-361\" src=\"https:\/\/rohu370.eu\/wp-content\/uploads\/2022\/11\/allasborze20221028-283x200.jpg\" alt=\"\" width=\"283\" height=\"200\" srcset=\"https:\/\/rohu370.eu\/wp-content\/uploads\/2022\/11\/allasborze20221028-283x200.jpg 283w, https:\/\/rohu370.eu\/wp-content\/uploads\/2022\/11\/allasborze20221028-768x543.jpg 768w, https:\/\/rohu370.eu\/wp-content\/uploads\/2022\/11\/allasborze20221028.jpg 800w\" sizes=\"(max-width: 283px) 100vw, 283px\" \/> <img loading=\"lazy\" class=\"alignnone size-medium wp-image-362\" src=\"https:\/\/rohu370.eu\/wp-content\/uploads\/2022\/11\/allasborze202210281-283x200.jpg\" alt=\"\" width=\"283\" height=\"200\" srcset=\"https:\/\/rohu370.eu\/wp-content\/uploads\/2022\/11\/allasborze202210281-283x200.jpg 283w, https:\/\/rohu370.eu\/wp-content\/uploads\/2022\/11\/allasborze202210281-768x543.jpg 768w, https:\/\/rohu370.eu\/wp-content\/uploads\/2022\/11\/allasborze202210281.jpg 800w\" sizes=\"(max-width: 283px) 100vw, 283px\" \/> <img loading=\"lazy\" class=\"alignnone size-medium wp-image-363\" src=\"https:\/\/rohu370.eu\/wp-content\/uploads\/2022\/11\/allasborze202210282-283x200.jpg\" alt=\"\" width=\"283\" height=\"200\" srcset=\"https:\/\/rohu370.eu\/wp-content\/uploads\/2022\/11\/allasborze202210282-283x200.jpg 283w, https:\/\/rohu370.eu\/wp-content\/uploads\/2022\/11\/allasborze202210282-768x543.jpg 768w, https:\/\/rohu370.eu\/wp-content\/uploads\/2022\/11\/allasborze202210282.jpg 800w\" sizes=\"(max-width: 283px) 100vw, 283px\" \/> <img loading=\"lazy\" class=\"alignnone size-medium wp-image-364\" src=\"https:\/\/rohu370.eu\/wp-content\/uploads\/2022\/11\/allasborze202210283-283x200.jpg\" alt=\"\" width=\"283\" height=\"200\" srcset=\"https:\/\/rohu370.eu\/wp-content\/uploads\/2022\/11\/allasborze202210283-283x200.jpg 283w, https:\/\/rohu370.eu\/wp-content\/uploads\/2022\/11\/allasborze202210283-768x543.jpg 768w, https:\/\/rohu370.eu\/wp-content\/uploads\/2022\/11\/allasborze202210283.jpg 800w\" sizes=\"(max-width: 283px) 100vw, 283px\" \/> <img loading=\"lazy\" class=\"alignnone size-medium wp-image-365\" src=\"https:\/\/rohu370.eu\/wp-content\/uploads\/2022\/11\/allasborze202210284-283x200.jpg\" alt=\"\" width=\"283\" height=\"200\" srcset=\"https:\/\/rohu370.eu\/wp-content\/uploads\/2022\/11\/allasborze202210284-283x200.jpg 283w, https:\/\/rohu370.eu\/wp-content\/uploads\/2022\/11\/allasborze202210284-768x543.jpg 768w, https:\/\/rohu370.eu\/wp-content\/uploads\/2022\/11\/allasborze202210284.jpg 800w\" sizes=\"(max-width: 283px) 100vw, 283px\" \/><\/p>\n<p>\u00c1ll\u00e1sb\u00f6rze Ny\u00edregyh\u00e1z\u00e1n 2022. okt\u00f3ber 21.<\/p>\n<p><img loading=\"lazy\" class=\"alignnone size-medium wp-image-358\" src=\"https:\/\/rohu370.eu\/wp-content\/uploads\/2022\/11\/allasborze20221021-283x200.jpg\" alt=\"\" width=\"283\" height=\"200\" srcset=\"https:\/\/rohu370.eu\/wp-content\/uploads\/2022\/11\/allasborze20221021-283x200.jpg 283w, https:\/\/rohu370.eu\/wp-content\/uploads\/2022\/11\/allasborze20221021-768x543.jpg 768w, https:\/\/rohu370.eu\/wp-content\/uploads\/2022\/11\/allasborze20221021.jpg 800w\" sizes=\"(max-width: 283px) 100vw, 283px\" \/> <img loading=\"lazy\" class=\"alignnone size-medium wp-image-359\" src=\"https:\/\/rohu370.eu\/wp-content\/uploads\/2022\/11\/allasborze202210211-283x200.jpg\" alt=\"\" width=\"283\" height=\"200\" srcset=\"https:\/\/rohu370.eu\/wp-content\/uploads\/2022\/11\/allasborze202210211-283x200.jpg 283w, https:\/\/rohu370.eu\/wp-content\/uploads\/2022\/11\/allasborze202210211-768x543.jpg 768w, https:\/\/rohu370.eu\/wp-content\/uploads\/2022\/11\/allasborze202210211.jpg 800w\" sizes=\"(max-width: 283px) 100vw, 283px\" \/> <img loading=\"lazy\" class=\"alignnone size-medium wp-image-360\" src=\"https:\/\/rohu370.eu\/wp-content\/uploads\/2022\/11\/allasborze202210212-283x200.jpg\" alt=\"\" width=\"283\" height=\"200\" srcset=\"https:\/\/rohu370.eu\/wp-content\/uploads\/2022\/11\/allasborze202210212-283x200.jpg 283w, https:\/\/rohu370.eu\/wp-content\/uploads\/2022\/11\/allasborze202210212-768x543.jpg 768w, https:\/\/rohu370.eu\/wp-content\/uploads\/2022\/11\/allasborze202210212.jpg 800w\" sizes=\"(max-width: 283px) 100vw, 283px\" \/><\/p>\n<p>\u00c1ll\u00e1sb\u00f6rze Ny\u00edregyh\u00e1z\u00e1n 2022. okt\u00f3ber 20.<\/p>\n<p><img loading=\"lazy\" class=\"alignnone size-medium wp-image-355\" src=\"https:\/\/rohu370.eu\/wp-content\/uploads\/2022\/11\/allasborze20221020-283x200.jpg\" alt=\"\" width=\"283\" height=\"200\" srcset=\"https:\/\/rohu370.eu\/wp-content\/uploads\/2022\/11\/allasborze20221020-283x200.jpg 283w, https:\/\/rohu370.eu\/wp-content\/uploads\/2022\/11\/allasborze20221020-768x543.jpg 768w, https:\/\/rohu370.eu\/wp-content\/uploads\/2022\/11\/allasborze20221020.jpg 800w\" sizes=\"(max-width: 283px) 100vw, 283px\" \/> <img loading=\"lazy\" class=\"alignnone size-medium wp-image-356\" src=\"https:\/\/rohu370.eu\/wp-content\/uploads\/2022\/11\/allasborze202210201-283x200.jpg\" alt=\"\" width=\"283\" height=\"200\" srcset=\"https:\/\/rohu370.eu\/wp-content\/uploads\/2022\/11\/allasborze202210201-283x200.jpg 283w, https:\/\/rohu370.eu\/wp-content\/uploads\/2022\/11\/allasborze202210201-768x543.jpg 768w, https:\/\/rohu370.eu\/wp-content\/uploads\/2022\/11\/allasborze202210201.jpg 800w\" sizes=\"(max-width: 283px) 100vw, 283px\" \/> <img loading=\"lazy\" class=\"alignnone size-medium wp-image-357\" src=\"https:\/\/rohu370.eu\/wp-content\/uploads\/2022\/11\/allasborze202210202-283x200.jpg\" alt=\"\" width=\"283\" height=\"200\" srcset=\"https:\/\/rohu370.eu\/wp-content\/uploads\/2022\/11\/allasborze202210202-283x200.jpg 283w, https:\/\/rohu370.eu\/wp-content\/uploads\/2022\/11\/allasborze202210202-768x543.jpg 768w, https:\/\/rohu370.eu\/wp-content\/uploads\/2022\/11\/allasborze202210202.jpg 800w\" sizes=\"(max-width: 283px) 100vw, 283px\" \/><\/p>\n<p>Munkaer\u0151-piaci f\u00f3rum 2022. m\u00e1jus 3.<\/p>\n<p><img loading=\"lazy\" class=\"alignnone size-medium wp-image-335\" src=\"https:\/\/rohu370.eu\/wp-content\/uploads\/2022\/05\/dsc-0008m-300x200.jpg\" alt=\"\" width=\"300\" height=\"200\" srcset=\"https:\/\/rohu370.eu\/wp-content\/uploads\/2022\/05\/dsc-0008m-300x200.jpg 300w, https:\/\/rohu370.eu\/wp-content\/uploads\/2022\/05\/dsc-0008m-1024x683.jpg 1024w, https:\/\/rohu370.eu\/wp-content\/uploads\/2022\/05\/dsc-0008m-768x512.jpg 768w, https:\/\/rohu370.eu\/wp-content\/uploads\/2022\/05\/dsc-0008m-1536x1025.jpg 1536w, https:\/\/rohu370.eu\/wp-content\/uploads\/2022\/05\/dsc-0008m-2048x1366.jpg 2048w\" sizes=\"(max-width: 300px) 100vw, 300px\" \/> <img loading=\"lazy\" class=\"alignnone size-medium wp-image-337\" src=\"https:\/\/rohu370.eu\/wp-content\/uploads\/2022\/05\/dsc-0010m-300x200.jpg\" alt=\"\" width=\"300\" height=\"200\" srcset=\"https:\/\/rohu370.eu\/wp-content\/uploads\/2022\/05\/dsc-0010m-300x200.jpg 300w, https:\/\/rohu370.eu\/wp-content\/uploads\/2022\/05\/dsc-0010m-1024x683.jpg 1024w, https:\/\/rohu370.eu\/wp-content\/uploads\/2022\/05\/dsc-0010m-768x512.jpg 768w, https:\/\/rohu370.eu\/wp-content\/uploads\/2022\/05\/dsc-0010m-1536x1025.jpg 1536w, https:\/\/rohu370.eu\/wp-content\/uploads\/2022\/05\/dsc-0010m-2048x1366.jpg 2048w\" sizes=\"(max-width: 300px) 100vw, 300px\" \/> <img loading=\"lazy\" class=\"alignnone size-medium wp-image-336\" src=\"https:\/\/rohu370.eu\/wp-content\/uploads\/2022\/05\/dsc-0009m-300x200.jpg\" alt=\"\" width=\"300\" height=\"200\" srcset=\"https:\/\/rohu370.eu\/wp-content\/uploads\/2022\/05\/dsc-0009m-300x200.jpg 300w, https:\/\/rohu370.eu\/wp-content\/uploads\/2022\/05\/dsc-0009m-1024x683.jpg 1024w, https:\/\/rohu370.eu\/wp-content\/uploads\/2022\/05\/dsc-0009m-768x512.jpg 768w, https:\/\/rohu370.eu\/wp-content\/uploads\/2022\/05\/dsc-0009m-1536x1025.jpg 1536w, https:\/\/rohu370.eu\/wp-content\/uploads\/2022\/05\/dsc-0009m-2048x1366.jpg 2048w\" sizes=\"(max-width: 300px) 100vw, 300px\" \/> <img loading=\"lazy\" class=\"alignnone size-medium wp-image-334\" src=\"https:\/\/rohu370.eu\/wp-content\/uploads\/2022\/05\/dsc-0011m-300x200.jpg\" alt=\"\" width=\"300\" height=\"200\" srcset=\"https:\/\/rohu370.eu\/wp-content\/uploads\/2022\/05\/dsc-0011m-300x200.jpg 300w, https:\/\/rohu370.eu\/wp-content\/uploads\/2022\/05\/dsc-0011m-1024x683.jpg 1024w, https:\/\/rohu370.eu\/wp-content\/uploads\/2022\/05\/dsc-0011m-768x512.jpg 768w, https:\/\/rohu370.eu\/wp-content\/uploads\/2022\/05\/dsc-0011m-1536x1025.jpg 1536w, https:\/\/rohu370.eu\/wp-content\/uploads\/2022\/05\/dsc-0011m-2048x1366.jpg 2048w\" sizes=\"(max-width: 300px) 100vw, 300px\" \/><\/p>\n<p>Munkaer\u0151-piaci f\u00f3rum 2022. m\u00e1rcius 29.<\/p>\n<p><img loading=\"lazy\" class=\"alignnone size-medium wp-image-330\" src=\"https:\/\/rohu370.eu\/wp-content\/uploads\/2022\/04\/20220329-112256-m-267x200.jpg\" alt=\"\" width=\"267\" height=\"200\" srcset=\"https:\/\/rohu370.eu\/wp-content\/uploads\/2022\/04\/20220329-112256-m-267x200.jpg 267w, https:\/\/rohu370.eu\/wp-content\/uploads\/2022\/04\/20220329-112256-m-1024x768.jpg 1024w, https:\/\/rohu370.eu\/wp-content\/uploads\/2022\/04\/20220329-112256-m-768x576.jpg 768w, https:\/\/rohu370.eu\/wp-content\/uploads\/2022\/04\/20220329-112256-m-1536x1152.jpg 1536w, https:\/\/rohu370.eu\/wp-content\/uploads\/2022\/04\/20220329-112256-m-2048x1536.jpg 2048w\" sizes=\"(max-width: 267px) 100vw, 267px\" \/> <img loading=\"lazy\" class=\"alignnone size-medium wp-image-329\" src=\"https:\/\/rohu370.eu\/wp-content\/uploads\/2022\/04\/20220329-100208-m-267x200.jpg\" alt=\"\" width=\"267\" height=\"200\" srcset=\"https:\/\/rohu370.eu\/wp-content\/uploads\/2022\/04\/20220329-100208-m-267x200.jpg 267w, https:\/\/rohu370.eu\/wp-content\/uploads\/2022\/04\/20220329-100208-m-1024x768.jpg 1024w, https:\/\/rohu370.eu\/wp-content\/uploads\/2022\/04\/20220329-100208-m-768x576.jpg 768w, https:\/\/rohu370.eu\/wp-content\/uploads\/2022\/04\/20220329-100208-m-1536x1152.jpg 1536w, https:\/\/rohu370.eu\/wp-content\/uploads\/2022\/04\/20220329-100208-m-2048x1536.jpg 2048w\" sizes=\"(max-width: 267px) 100vw, 267px\" \/> <img loading=\"lazy\" class=\"alignnone size-medium wp-image-328\" src=\"https:\/\/rohu370.eu\/wp-content\/uploads\/2022\/04\/20220329-100357-m-267x200.jpg\" alt=\"\" width=\"267\" height=\"200\" srcset=\"https:\/\/rohu370.eu\/wp-content\/uploads\/2022\/04\/20220329-100357-m-267x200.jpg 267w, https:\/\/rohu370.eu\/wp-content\/uploads\/2022\/04\/20220329-100357-m-1024x768.jpg 1024w, https:\/\/rohu370.eu\/wp-content\/uploads\/2022\/04\/20220329-100357-m-768x576.jpg 768w, https:\/\/rohu370.eu\/wp-content\/uploads\/2022\/04\/20220329-100357-m-1536x1152.jpg 1536w, https:\/\/rohu370.eu\/wp-content\/uploads\/2022\/04\/20220329-100357-m-2048x1536.jpg 2048w\" sizes=\"(max-width: 267px) 100vw, 267px\" \/><\/p>\n","protected":false},"excerpt":{"rendered":"<p>2022. december 20. \u2013 Szatm\u00e1rn\u00e9meti \u2013Projektz\u00e1r\u00f3 rendezv\u00e9ny &nbsp; &nbsp; &nbsp; &nbsp; &nbsp; &nbsp; 2022. december 15. \u2013 Szatm\u00e1rn\u00e9meti \u2013 Munkaer\u0151-piaci f\u00f3rum &nbsp; &nbsp; &nbsp; &nbsp; &nbsp; &nbsp; &nbsp; &nbsp; &nbsp; &nbsp; &nbsp; &nbsp; 2022. december 14. \u2013 Szatm\u00e1rn\u00e9meti \u2013 Gy\u00e1rl\u00e1togat\u00e1s &nbsp; F\u00f3kuszcsoportos interj\u00fa 2022. december 6. &nbsp; &nbsp; &nbsp; &nbsp; &nbsp; &nbsp; &nbsp; &nbsp; &nbsp; [&hellip;]<\/p>\n","protected":false},"author":1,"featured_media":334,"parent":0,"menu_order":0,"comment_status":"closed","ping_status":"closed","template":"","meta":[],"_links":{"self":[{"href":"https:\/\/rohu370.eu\/ro\/wp-json\/wp\/v2\/pages\/20"}],"collection":[{"href":"https:\/\/rohu370.eu\/ro\/wp-json\/wp\/v2\/pages"}],"about":[{"href":"https:\/\/rohu370.eu\/ro\/wp-json\/wp\/v2\/types\/page"}],"author":[{"embeddable":true,"href":"https:\/\/rohu370.eu\/ro\/wp-json\/wp\/v2\/users\/1"}],"replies":[{"embeddable":true,"href":"https:\/\/rohu370.eu\/ro\/wp-json\/wp\/v2\/comments?post=20"}],"version-history":[{"count":11,"href":"https:\/\/rohu370.eu\/ro\/wp-json\/wp\/v2\/pages\/20\/revisions"}],"predecessor-version":[{"id":526,"href":"https:\/\/rohu370.eu\/ro\/wp-json\/wp\/v2\/pages\/20\/revisions\/526"}],"wp:featuredmedia":[{"embeddable":true,"href":"https:\/\/rohu370.eu\/ro\/wp-json\/wp\/v2\/media\/334"}],"wp:attachment":[{"href":"https:\/\/rohu370.eu\/ro\/wp-json\/wp\/v2\/media?parent=20"}],"curies":[{"name":"wp","href":"https:\/\/api.w.org\/{rel}","templated":true}]}}