{"id":9,"date":"2020-11-17T10:23:58","date_gmt":"2020-11-17T10:23:58","guid":{"rendered":"https:\/\/rohu370.eu\/?page_id=9"},"modified":"2021-04-06T09:25:03","modified_gmt":"2021-04-06T09:25:03","slug":"tevekenysegek","status":"publish","type":"page","link":"https:\/\/rohu370.eu\/ro\/tevekenysegek\/","title":{"rendered":"Activit\u0103\u021bi"},"content":{"rendered":"<p><strong><em>Elaborarea documentelor profesionale<\/em><\/strong><\/p>\n<ul>\n<li>Strategia de dezvoltare integrat\u0103 \u0219i planul de ac\u021biune: Scopul dezvolt\u0103rii strategiei comune pentru pia\u021ba muncii este de a consolida cooperarea pe pia\u021ba muncii \u00eentre actorii de pe pia\u021ba muncii din jude\u021bele Szabolcs-Szatm\u00e1r-Bereg \u0219i Satu Mare. Aria sa teritorial\u0103 acoper\u0103 jude\u021bele Satu Mare \u0219i Szabolcs-Szatm\u00e1r-Bereg. Planurile de ac\u021biune la nivel de jude\u021b definesc detaliile interven\u021biilor specifice pe pia\u021ba for\u021bei de munc\u0103 &#8211; activit\u0103\u021bi, grupuri \u021bint\u0103, program &#8211; pentru a atinge obiectivele Strategiei de dezvoltare integrat\u0103.<\/li>\n<li>Elaborarea altor analize \u0219i strategii ale pie\u021bei for\u021bei de munc\u0103: Pe l\u00e2ng\u0103 elaborarea documentelor de mai sus, partenerii vor elabora \u0219i alte documente profesionale care vizeaz\u0103 cre\u0219terea ocup\u0103rii for\u021bei de munc\u0103 regionale pe parcursul proiectului, care sunt urm\u0103toarele:<\/li>\n<\/ul>\n<ul>\n<li>Strategia de promovare a investi\u021biilor<\/li>\n<li>Catalog de bune practici \u0219i manual<\/li>\n<li>Strategia local\u0103 de produse \u0219i servicii<\/li>\n<\/ul>\n<p><strong><em>Realizarea unui sondaj \u0219i analiz\u0103 comun\u0103 a pie\u021bei muncii<\/em><\/strong><\/p>\n<p>Pentru a implementa cu succes proiectul, este esen\u021bial s\u0103 se ob\u021bin\u0103 o imagine cuprinz\u0103toare a situa\u021biei pie\u021bei muncii din regiune. Partenerul principal exploreaz\u0103 situa\u021bia pie\u021bei muncii din regiune &#8211; \u00een plus fa\u021b\u0103 de analiza statisticilor pie\u021bei muncii &#8211; \u00een cadrul unei anchete \u0219i analize cuprinz\u0103toare online a pie\u021bei muncii.<\/p>\n<p><strong><em>Crearea \u0219i operarea unei baze de date online \u0219i a unui site web<\/em><\/strong><\/p>\n<p>Crearea unei baze de date \u0219i a unui site web online va servi la consolidarea condi\u021biilor digitale online pentru c\u0103utarea de locuri de munc\u0103 transfrontaliere, sprijinind indirect consolidarea mobilit\u0103\u021bii transfrontaliere a pie\u021bei muncii.<\/p>\n<ul>\n<li>baza de date online dezvoltat\u0103 va concentra nevoile pie\u021bei for\u021bei de munc\u0103 ale cel putin 200 companii care opereaz\u0103 \u00een regiune;<\/li>\n<li>prin intermediul interfe\u021bei de c\u0103utare a site-ului web creat, solicitan\u021bii de locuri de munc\u0103 regionali vor putea g\u0103si un loc de munc\u0103 care s\u0103 corespund\u0103 calific\u0103rilor lor;<\/li>\n<li>alte informa\u021bii utile pe pia\u021ba for\u021bei de munc\u0103 pentru angaja\u021bi vor fi, de asemenea, u\u0219or accesibile pe site-ul web, ajut\u00e2nd astfel mobilitatea for\u021bei de munc\u0103 trasnfrontaliere si regionale.<\/li>\n<\/ul>\n<p><strong><em>Organizarea de evenimente pe pia\u021ba muncii<\/em><\/strong><\/p>\n<ul>\n<li>Forumul comun pe pia\u021ba muncii: Proiectul \u00ee\u0219i propune s\u0103 \u00eembun\u0103t\u0103\u021beasc\u0103 cooperarea dintre institu\u021biile pie\u021bei muncii din regiune \u0219i principalii actori de pe pia\u021ba muncii pentru a consolida ocuparea for\u021bei de munc\u0103 transfrontaliere. \u00cen timpul proiectului, partenerii proiectului vor crea un forum transfrontalier pe pia\u021ba muncii. Forumul ofer\u0103 o oportunitate pentru principalii actori ai pie\u021bei muncii din regiune s\u0103 discute provoc\u0103rile cheie \u0219i poten\u021bialele de dezvoltare ale pie\u021bei muncii din regiune.<\/li>\n<li>Evenimente de orientare profesional\u0103: \u00een leg\u0103tur\u0103 cu obiectivul proiectului, partenerul principal inten\u021bioneaz\u0103 s\u0103 organizeze evenimente transfrontaliere de orientare profesional\u0103. \u00cen timpul implement\u0103rii proiectului, partenerul principal va organiza 4 t\u00e2rguri de locuri de munc\u0103 \u0219i 8 vizite la fabrici in regiunea maghiara.<\/li>\n<\/ul>\n<p><strong><em>Organizarea de formare profesional\u0103, stagii \u0219i form\u0103ri antreprenoriale<\/em><\/strong><\/p>\n<ul>\n<li>Formare profesional\u0103, stagii: partenerul leader si partenerii rom\u00e2ni inten\u021bioneaz\u0103 s\u0103 dezvolte \u0219i s\u0103 implementeze sesiuni de formare sau specializare profesional\u0103 \u00een domeniul profesiilor\/ abilit\u0103\u0163ilor deficitare identificate \u00een Strategia de dezvoltare integrat\u0103. \u00cen plus fa\u021b\u0103 de formarea profesional\u0103, partenerul principal inten\u021bioneaz\u0103 s\u0103 lanseze programe de stagii transfrontaliere de o lun\u0103.<\/li>\n<li>Instruire antreprenorial\u0103: Pe baza practicii programului PLATO, Camera de Comer\u021b \u0219i Industrie Jude\u021bean\u0103 Szabolcs-Szatm\u00e1r-Bereg \u015fi CCIASM inten\u021bioneaz\u0103 s\u0103 implementeze instruire antreprenorial\u0103 pe parcursul proiectului. \u00cen timpul instruirii, participan\u021bii se \u00eent\u00e2lnesc periodic cu mentorii lor, unde pot discuta \u00eempreun\u0103 principalele provoc\u0103ri economice \u0219i de pe pia\u021ba muncii din regiunea transfrontalier\u0103. Mentorii, cu implicarea unor exper\u021bi externi, ofer\u0103 sfaturi profesionale, prezent\u0103ri ale exper\u021bilor \u0219i seminarii pentru a ajuta participan\u021bii \u00een activitatea lor.<\/li>\n<\/ul>\n<p><strong><em>Organizarea turului de studiu PLATO<\/em><\/strong><\/p>\n<p>\u00cen timpul implement\u0103rii proiectului, partenerii, precum \u0219i companiile care particip\u0103 la formarea antreprenorial\u0103 \u00ee\u0219i pot aprofunda cuno\u0219tin\u021bele practice despre PLATO, precum \u0219i cuno\u0219tin\u021bele dob\u00e2ndite \u00een timpul form\u0103rii antreprenoriale printr-o c\u0103l\u0103torie de studiu profesional\u0103 \u00een str\u0103in\u0103tate (Ghent, Belgia).<\/p>\n<p><strong><em>Renovarea Centrului de Instruire \u0219i a Centrului de Mobilitate Transfrontalier\u0103 (Satu Mare)<\/em><\/strong><\/p>\n<p>&nbsp;<\/p>\n","protected":false},"excerpt":{"rendered":"<p>Elaborarea documentelor profesionale Strategia de dezvoltare integrat\u0103 \u0219i planul de ac\u021biune: Scopul dezvolt\u0103rii strategiei comune pentru pia\u021ba muncii este de a consolida cooperarea pe pia\u021ba muncii \u00eentre actorii de pe pia\u021ba muncii din jude\u021bele Szabolcs-Szatm\u00e1r-Bereg \u0219i Satu Mare. Aria sa teritorial\u0103 acoper\u0103 jude\u021bele Satu Mare \u0219i Szabolcs-Szatm\u00e1r-Bereg. Planurile de ac\u021biune la nivel de jude\u021b definesc [&hellip;]<\/p>\n","protected":false},"author":1,"featured_media":0,"parent":0,"menu_order":0,"comment_status":"closed","ping_status":"closed","template":"","meta":[],"_links":{"self":[{"href":"https:\/\/rohu370.eu\/ro\/wp-json\/wp\/v2\/pages\/9"}],"collection":[{"href":"https:\/\/rohu370.eu\/ro\/wp-json\/wp\/v2\/pages"}],"about":[{"href":"https:\/\/rohu370.eu\/ro\/wp-json\/wp\/v2\/types\/page"}],"author":[{"embeddable":true,"href":"https:\/\/rohu370.eu\/ro\/wp-json\/wp\/v2\/users\/1"}],"replies":[{"embeddable":true,"href":"https:\/\/rohu370.eu\/ro\/wp-json\/wp\/v2\/comments?post=9"}],"version-history":[{"count":10,"href":"https:\/\/rohu370.eu\/ro\/wp-json\/wp\/v2\/pages\/9\/revisions"}],"predecessor-version":[{"id":247,"href":"https:\/\/rohu370.eu\/ro\/wp-json\/wp\/v2\/pages\/9\/revisions\/247"}],"wp:attachment":[{"href":"https:\/\/rohu370.eu\/ro\/wp-json\/wp\/v2\/media?parent=9"}],"curies":[{"name":"wp","href":"https:\/\/api.w.org\/{rel}","templated":true}]}}